{"id":5404,"date":"2025-07-18T02:24:45","date_gmt":"2025-07-18T07:24:45","guid":{"rendered":"https:\/\/solutionshypotheques.ca\/?page_id=5404"},"modified":"2025-07-18T02:30:48","modified_gmt":"2025-07-18T07:30:48","slug":"refinancement-hypothecaire-montreal-est-transformez-la-valeur-de-votre-propriete-en-solution","status":"publish","type":"page","link":"https:\/\/solutionshypotheques.ca\/en\/services\/refinancement-hypothecaire-montreal-est-transformez-la-valeur-de-votre-propriete-en-solution\/","title":{"rendered":"Refinancement hypoth\u00e9caire Montr\u00e9al-Est : Transformez la valeur de votre propri\u00e9t\u00e9 en solution"},"content":{"rendered":"<p class=\"ai-optimize-18 ai-optimize-introduction\"><span style=\"font-weight: 400;\">Vous habitez <\/span><b>Montr\u00e9al-Est<\/b><span style=\"font-weight: 400;\">, <\/span><b>Mercier<\/b><span style=\"font-weight: 400;\">, <\/span><b>Anjou<\/b><span style=\"font-weight: 400;\">, <\/span><b>T\u00e9treaultville<\/b><span style=\"font-weight: 400;\"> ou <\/span><b>Pointe-aux-Trembles ?<\/b><span style=\"font-weight: 400;\"> Vous songez \u00e0 refinancer votre propri\u00e9t\u00e9 ? Que ce soit pour r\u00e9aliser des r\u00e9novations, regrouper vos dettes ou sortir d\u2019une situation financi\u00e8re difficile, le refinancement hypoth\u00e9caire peut vous offrir l\u2019espace financier n\u00e9cessaire pour respirer \u00e0 nouveau.<\/span><\/p>\n<p class=\"ai-optimize-19\"><span style=\"font-weight: 400;\">Dans l\u2019Est de Montr\u00e9al, plusieurs propri\u00e9taires ont vu leur maison ou leur plex prendre de la valeur au fil des ann\u00e9es. Cette <\/span><b>valeur nette<\/b><span style=\"font-weight: 400;\"> repr\u00e9sente un levier important, mais difficilement accessible lorsque les banques refusent de refinancer en raison d\u2019une cote de cr\u00e9dit affaiblie, de revenus atypiques ou d\u2019un \u00e9v\u00e9nement personnel comme un divorce ou une proposition au consommateur.<\/span><\/p>\n<p class=\"ai-optimize-20\"><span style=\"font-weight: 400;\">Chez Solutions Hypoth\u00e8ques, nous collaborons avec des <\/span><b>pr\u00eateurs alternatifs et priv\u00e9s<\/b><span style=\"font-weight: 400;\"> qui \u00e9valuent votre situation dans son ensemble. Ils ne s\u2019arr\u00eatent pas \u00e0 votre dossier de cr\u00e9dit : ils tiennent compte de la <\/span><b>valeur disponible dans votre propri\u00e9t\u00e9<\/b><span style=\"font-weight: 400;\">, de votre historique de paiements et de votre projet.<\/span><\/p>\n<p class=\"ai-optimize-21\"><span style=\"font-weight: 400;\">Nous aidons chaque semaine des clients dans l\u2019Est de l\u2019\u00eele :<\/span><\/p>\n<ul>\n<li class=\"ai-optimize-22\" style=\"font-weight: 400;\" aria-level=\"1\"><span style=\"font-weight: 400;\">Un retrait de liquidit\u00e9s pour r\u00e9novations \u00e0 <\/span><b>Anjou<\/b><span style=\"font-weight: 400;\">, apr\u00e8s un refus bancaire<\/span><span style=\"font-weight: 400;\"><br \/>\n<\/span><\/li>\n<li class=\"ai-optimize-23\" style=\"font-weight: 400;\" aria-level=\"1\"><span style=\"font-weight: 400;\">Une consolidation de dettes \u00e0 <\/span><b>Pointe-aux-Trembles<\/b><span style=\"font-weight: 400;\">, caus\u00e9e par des impr\u00e9vus<\/span><span style=\"font-weight: 400;\"><br \/>\n<\/span><\/li>\n<li class=\"ai-optimize-24\" style=\"font-weight: 400;\" aria-level=\"1\"><span style=\"font-weight: 400;\">Un refinancement pour rachat de part suite \u00e0 une s\u00e9paration \u00e0 <\/span><b>Mercier-Est<\/b>&nbsp;<\/li>\n<\/ul>\n<p class=\"ai-optimize-25\"><span style=\"font-weight: 400;\">Nos courtiers encadr\u00e9s par l\u2019AMF vous prot\u00e8gent contre les contrats risqu\u00e9s ou les pr\u00eateurs non r\u00e9glement\u00e9s. Notre but est de vous offrir une solution stable et claire, en utilisant votre <\/span><b>capital immobilier accumul\u00e9. <\/b>Et cela<span style=\"font-weight: 400;\"> de fa\u00e7on strat\u00e9gique et temporaire pour revenir \u00e0 des conditions bancaires standards plus tard.<\/span><\/p>\n<p class=\"ai-optimize-26\"><span style=\"font-weight: 400;\">Avec un bon refinancement, vous pouvez :<\/span><\/p>\n<ul>\n<li class=\"ai-optimize-27\" style=\"font-weight: 400;\" aria-level=\"1\"><span style=\"font-weight: 400;\">Diminuer vos paiements mensuels<\/span><span style=\"font-weight: 400;\"><br \/>\n<\/span><\/li>\n<li class=\"ai-optimize-28\" style=\"font-weight: 400;\" aria-level=\"1\"><span style=\"font-weight: 400;\">Repartir sur des bases solides<\/span><\/li>\n<li class=\"ai-optimize-28\" style=\"font-weight: 400;\" aria-level=\"1\"><span style=\"font-weight: 400;\">R\u00e9aliser des travaux essentiels<\/span><span style=\"font-weight: 400;\"><br \/>\n<\/span><\/li>\n<\/ul>\n<h3 class=\"ai-optimize-30\"><span style=\"font-weight: 400;\">Pr\u00e9venir une vente ou une reprise bancaire<\/span><span style=\"font-weight: 400;\"><br \/>\n<\/span><\/h3>\n<h3 class=\"ai-optimize-17\">Appelez-nous au <b>1-888-708-5576<\/b>\u00a0ou remplissez notre<b><em>\u00a0<a href=\"https:\/\/solutionshypotheques.ca\/demande-en-ligne\/\" target=\"_blank\" rel=\"noopener\">demande en ligne<\/a><\/em>!<\/b><\/h3>\n<p class=\"ai-optimize-6\">Nous intervenons aussi sur des projet de :<\/p>\n<ul>\n<li class=\"ai-optimize-6\"><a href=\"https:\/\/solutionshypotheques.ca\/refinancement-hypothecaire-montreal-ouest-liberez-lequite-de-votre-propriete\/\">refinancement hypoth\u00e9caire \u00e0 Montr\u00e9al Ouest<\/a><\/li>\n<li class=\"ai-optimize-8\"><a href=\"https:\/\/solutionshypotheques.ca\/pret-hypothecaire-rive-nord-une-solution-pour-chaque-situation\/\">pr\u00eat hypoth\u00e9caire \u00e0 Montr\u00e9al Rive-Nord<\/a><\/li>\n<li class=\"ai-optimize-9\"><span style=\"font-weight: 400;\">d&#8217;obtention d&#8217;une<a href=\"https:\/\/solutionshypotheques.ca\/hypotheque-rive-sud-de-montreal-obtenez-du-financement-meme-en-cas-de-refus-bancaire\/\"> hypoth\u00e8que sur la Rive-Sud de Montr\u00e9al<\/a><\/span><\/li>\n<\/ul>\n<p>&nbsp;<\/p>\n<p>&nbsp;<\/p>\n","protected":false},"excerpt":{"rendered":"<p>Vous habitez Montr\u00e9al-Est, Mercier, Anjou, T\u00e9treaultville ou Pointe-aux-Trembles ? Vous songez \u00e0 refinancer votre propri\u00e9t\u00e9 ? Que ce soit pour <span>&#8230;<\/span><\/p>\n","protected":false},"author":2,"featured_media":5405,"parent":2697,"menu_order":51,"comment_status":"closed","ping_status":"closed","template":"","meta":{"_acf_changed":false,"footnotes":""},"class_list":["post-5404","page","type-page","status-publish","has-post-thumbnail","hentry"],"acf":[],"yoast_head":"<!-- This site is optimized with the Yoast SEO plugin v26.0 - https:\/\/yoast.com\/wordpress\/plugins\/seo\/ -->\n<title>Refinancement hypoth\u00e9caire Montr\u00e9al-Est<\/title>\n<meta name=\"robots\" content=\"index, follow, max-snippet:-1, max-image-preview:large, max-video-preview:-1\" \/>\n<link rel=\"canonical\" href=\"https:\/\/solutionshypotheques.ca\/services\/refinancement-hypothecaire-montreal-est-transformez-la-valeur-de-votre-propriete-en-solution\/\" \/>\n<meta property=\"og:locale\" content=\"en_US\" \/>\n<meta property=\"og:type\" content=\"article\" \/>\n<meta property=\"og:title\" content=\"Refinancement hypoth\u00e9caire Montr\u00e9al-Est\" \/>\n<meta property=\"og:description\" content=\"Vous habitez Montr\u00e9al-Est, Mercier, Anjou, T\u00e9treaultville ou Pointe-aux-Trembles ? Vous songez \u00e0 refinancer votre propri\u00e9t\u00e9 ? Que ce soit pour ...\" \/>\n<meta property=\"og:url\" content=\"https:\/\/solutionshypotheques.ca\/services\/refinancement-hypothecaire-montreal-est-transformez-la-valeur-de-votre-propriete-en-solution\/\" \/>\n<meta property=\"og:site_name\" content=\"Solutions Hypotheques\" \/>\n<meta property=\"article:modified_time\" content=\"2025-07-18T07:30:48+00:00\" \/>\n<meta property=\"og:image\" content=\"https:\/\/solutionshypotheques.ca\/wp-content\/uploads\/2025\/07\/484c77226930d9123d9bd63f83963b844c41d7fb.jpg\" \/>\n\t<meta property=\"og:image:width\" content=\"1600\" \/>\n\t<meta property=\"og:image:height\" content=\"1000\" \/>\n\t<meta property=\"og:image:type\" content=\"image\/jpeg\" \/>\n<meta name=\"twitter:card\" content=\"summary_large_image\" \/>\n<meta name=\"twitter:label1\" content=\"Est. reading time\" \/>\n\t<meta name=\"twitter:data1\" content=\"2 minutes\" \/>\n<!-- \/ Yoast SEO plugin. -->","yoast_head_json":{"title":"Refinancement hypoth\u00e9caire Montr\u00e9al-Est","robots":{"index":"index","follow":"follow","max-snippet":"max-snippet:-1","max-image-preview":"max-image-preview:large","max-video-preview":"max-video-preview:-1"},"canonical":"https:\/\/solutionshypotheques.ca\/services\/refinancement-hypothecaire-montreal-est-transformez-la-valeur-de-votre-propriete-en-solution\/","og_locale":"en_US","og_type":"article","og_title":"Refinancement hypoth\u00e9caire Montr\u00e9al-Est","og_description":"Vous habitez Montr\u00e9al-Est, Mercier, Anjou, T\u00e9treaultville ou Pointe-aux-Trembles ? Vous songez \u00e0 refinancer votre propri\u00e9t\u00e9 ? Que ce soit pour ...","og_url":"https:\/\/solutionshypotheques.ca\/services\/refinancement-hypothecaire-montreal-est-transformez-la-valeur-de-votre-propriete-en-solution\/","og_site_name":"Solutions Hypotheques","article_modified_time":"2025-07-18T07:30:48+00:00","og_image":[{"width":1600,"height":1000,"url":"https:\/\/solutionshypotheques.ca\/wp-content\/uploads\/2025\/07\/484c77226930d9123d9bd63f83963b844c41d7fb.jpg","type":"image\/jpeg"}],"twitter_card":"summary_large_image","twitter_misc":{"Est. reading time":"2 minutes"},"schema":{"@context":"https:\/\/schema.org","@graph":[{"@type":"WebPage","@id":"https:\/\/solutionshypotheques.ca\/services\/refinancement-hypothecaire-montreal-est-transformez-la-valeur-de-votre-propriete-en-solution\/","url":"https:\/\/solutionshypotheques.ca\/services\/refinancement-hypothecaire-montreal-est-transformez-la-valeur-de-votre-propriete-en-solution\/","name":"Refinancement hypoth\u00e9caire Montr\u00e9al-Est","isPartOf":{"@id":"https:\/\/solutionshypotheques.ca\/#website"},"primaryImageOfPage":{"@id":"https:\/\/solutionshypotheques.ca\/services\/refinancement-hypothecaire-montreal-est-transformez-la-valeur-de-votre-propriete-en-solution\/#primaryimage"},"image":{"@id":"https:\/\/solutionshypotheques.ca\/services\/refinancement-hypothecaire-montreal-est-transformez-la-valeur-de-votre-propriete-en-solution\/#primaryimage"},"thumbnailUrl":"https:\/\/solutionshypotheques.ca\/wp-content\/uploads\/2025\/07\/484c77226930d9123d9bd63f83963b844c41d7fb.jpg","datePublished":"2025-07-18T07:24:45+00:00","dateModified":"2025-07-18T07:30:48+00:00","breadcrumb":{"@id":"https:\/\/solutionshypotheques.ca\/services\/refinancement-hypothecaire-montreal-est-transformez-la-valeur-de-votre-propriete-en-solution\/#breadcrumb"},"inLanguage":"en-ca","potentialAction":[{"@type":"ReadAction","target":["https:\/\/solutionshypotheques.ca\/services\/refinancement-hypothecaire-montreal-est-transformez-la-valeur-de-votre-propriete-en-solution\/"]}]},{"@type":"ImageObject","inLanguage":"en-ca","@id":"https:\/\/solutionshypotheques.ca\/services\/refinancement-hypothecaire-montreal-est-transformez-la-valeur-de-votre-propriete-en-solution\/#primaryimage","url":"https:\/\/solutionshypotheques.ca\/wp-content\/uploads\/2025\/07\/484c77226930d9123d9bd63f83963b844c41d7fb.jpg","contentUrl":"https:\/\/solutionshypotheques.ca\/wp-content\/uploads\/2025\/07\/484c77226930d9123d9bd63f83963b844c41d7fb.jpg","width":1600,"height":1000},{"@type":"BreadcrumbList","@id":"https:\/\/solutionshypotheques.ca\/services\/refinancement-hypothecaire-montreal-est-transformez-la-valeur-de-votre-propriete-en-solution\/#breadcrumb","itemListElement":[{"@type":"ListItem","position":1,"name":"Home","item":"https:\/\/solutionshypotheques.ca\/en\/"},{"@type":"ListItem","position":2,"name":"Nos services hypoth\u00e9caires personnalis\u00e9s","item":"https:\/\/solutionshypotheques.ca\/services\/"},{"@type":"ListItem","position":3,"name":"Refinancement hypoth\u00e9caire Montr\u00e9al-Est : Transformez la valeur de votre propri\u00e9t\u00e9 en solution"}]},{"@type":"WebSite","@id":"https:\/\/solutionshypotheques.ca\/#website","url":"https:\/\/solutionshypotheques.ca\/","name":"Solutions Hypotheques","description":"","publisher":{"@id":"https:\/\/solutionshypotheques.ca\/#organization"},"potentialAction":[{"@type":"SearchAction","target":{"@type":"EntryPoint","urlTemplate":"https:\/\/solutionshypotheques.ca\/?s={search_term_string}"},"query-input":{"@type":"PropertyValueSpecification","valueRequired":true,"valueName":"search_term_string"}}],"inLanguage":"en-ca"},{"@type":"Organization","@id":"https:\/\/solutionshypotheques.ca\/#organization","name":"North East","url":"https:\/\/solutionshypotheques.ca\/","logo":{"@type":"ImageObject","inLanguage":"en-ca","@id":"https:\/\/solutionshypotheques.ca\/#\/schema\/logo\/image\/","url":"https:\/\/solutionshypotheques.ca\/wp-content\/uploads\/2021\/01\/Nord_est_logo_fr_01.png","contentUrl":"https:\/\/solutionshypotheques.ca\/wp-content\/uploads\/2021\/01\/Nord_est_logo_fr_01.png","width":420,"height":137,"caption":"North East"},"image":{"@id":"https:\/\/solutionshypotheques.ca\/#\/schema\/logo\/image\/"}}]}},"_links":{"self":[{"href":"https:\/\/solutionshypotheques.ca\/en\/wp-json\/wp\/v2\/pages\/5404","targetHints":{"allow":["GET"]}}],"collection":[{"href":"https:\/\/solutionshypotheques.ca\/en\/wp-json\/wp\/v2\/pages"}],"about":[{"href":"https:\/\/solutionshypotheques.ca\/en\/wp-json\/wp\/v2\/types\/page"}],"author":[{"embeddable":true,"href":"https:\/\/solutionshypotheques.ca\/en\/wp-json\/wp\/v2\/users\/2"}],"replies":[{"embeddable":true,"href":"https:\/\/solutionshypotheques.ca\/en\/wp-json\/wp\/v2\/comments?post=5404"}],"version-history":[{"count":3,"href":"https:\/\/solutionshypotheques.ca\/en\/wp-json\/wp\/v2\/pages\/5404\/revisions"}],"predecessor-version":[{"id":5409,"href":"https:\/\/solutionshypotheques.ca\/en\/wp-json\/wp\/v2\/pages\/5404\/revisions\/5409"}],"up":[{"embeddable":true,"href":"https:\/\/solutionshypotheques.ca\/en\/wp-json\/wp\/v2\/pages\/2697"}],"wp:featuredmedia":[{"embeddable":true,"href":"https:\/\/solutionshypotheques.ca\/en\/wp-json\/wp\/v2\/media\/5405"}],"wp:attachment":[{"href":"https:\/\/solutionshypotheques.ca\/en\/wp-json\/wp\/v2\/media?parent=5404"}],"curies":[{"name":"wp","href":"https:\/\/api.w.org\/{rel}","templated":true}]}}